{"id":120,"date":"2023-12-08T15:15:51","date_gmt":"2023-12-08T14:15:51","guid":{"rendered":"https:\/\/cokab.fr\/?page_id=120"},"modified":"2024-01-09T14:06:45","modified_gmt":"2024-01-09T13:06:45","slug":"details-du-projet","status":"publish","type":"page","link":"https:\/\/cokab.fr\/index.php\/details-du-projet\/","title":{"rendered":""},"content":{"rendered":"\n<div class=\"wp-block-group alignfull is-layout-constrained wp-block-group-is-layout-constrained\">\n<div class=\"wp-block-cover alignfull is-light\" style=\"min-height:1862px;aspect-ratio:unset;\"><span aria-hidden=\"true\" class=\"wp-block-cover__background has-ti-bg-inv-background-color has-background-dim-0 has-background-dim\"><\/span><img fetchpriority=\"high\" decoding=\"async\" width=\"2128\" height=\"2127\" class=\"wp-block-cover__image-background wp-image-802\" alt=\"\" src=\"http:\/\/cokab.fr\/wp-content\/uploads\/2023\/12\/pink-wave2.png\" data-object-fit=\"cover\" srcset=\"https:\/\/cokab.fr\/wp-content\/uploads\/2023\/12\/pink-wave2.png 2128w, https:\/\/cokab.fr\/wp-content\/uploads\/2023\/12\/pink-wave2-300x300.png 300w, https:\/\/cokab.fr\/wp-content\/uploads\/2023\/12\/pink-wave2-1024x1024.png 1024w, https:\/\/cokab.fr\/wp-content\/uploads\/2023\/12\/pink-wave2-150x150.png 150w, https:\/\/cokab.fr\/wp-content\/uploads\/2023\/12\/pink-wave2-768x768.png 768w, https:\/\/cokab.fr\/wp-content\/uploads\/2023\/12\/pink-wave2-1536x1536.png 1536w, https:\/\/cokab.fr\/wp-content\/uploads\/2023\/12\/pink-wave2-2048x2048.png 2048w\" sizes=\"(max-width: 2128px) 100vw, 2128px\" \/><div class=\"wp-block-cover__inner-container is-layout-flow wp-block-cover-is-layout-flow\">\n<h2 class=\"wp-block-heading has-text-align-center has-ti-fg-color has-text-color has-link-color wp-elements-5e9b88f8786709e4c17e8caaa786128d\">Contactez-nous!<\/h2>\n\n\n\n<div class=\"wp-block-columns is-layout-flex wp-container-core-columns-is-layout-28f84493 wp-block-columns-is-layout-flex\">\n<div class=\"wp-block-column is-layout-flow wp-block-column-is-layout-flow\" style=\"flex-basis:373px\">\n<div style=\"height:100px\" aria-hidden=\"true\" class=\"wp-block-spacer\"><\/div>\n<\/div>\n\n\n\n<div class=\"wp-block-column is-layout-flow wp-block-column-is-layout-flow\">\n<div id=\"wp-block-themeisle-blocks-form-ea01f66a\" class=\"wp-block-themeisle-blocks-form\" data-option-name=\"bf9b28ff82ce323187abc5d0feb0d8f07ecd8436_ea01f66a\"><form class=\"otter-form__container\">\n<div id=\"wp-block-themeisle-blocks-form-input-9632b8d0\" class=\"wp-block-themeisle-blocks-form-input\"><label for=\"wp-block-themeisle-blocks-form-input-9632b8d0-input\" class=\"otter-form-input-label\"><span class=\"otter-form-input-label__label\">Nom<\/span><span class=\"required\">*<\/span><\/label><input type=\"text\" id=\"wp-block-themeisle-blocks-form-input-9632b8d0-input\" required class=\"otter-form-input\"\/><\/div>\n\n\n\n<div id=\"wp-block-themeisle-blocks-form-input-6f73c1c2\" class=\"wp-block-themeisle-blocks-form-input\"><label for=\"wp-block-themeisle-blocks-form-input-6f73c1c2-input\" class=\"otter-form-input-label\"><span class=\"otter-form-input-label__label\">Pr\u00e9nom<\/span><span class=\"required\">*<\/span><\/label><input type=\"text\" id=\"wp-block-themeisle-blocks-form-input-6f73c1c2-input\" required class=\"otter-form-input\"\/><\/div>\n\n\n\n<div id=\"wp-block-themeisle-blocks-form-input-65e97d46\" class=\"wp-block-themeisle-blocks-form-input\"><label for=\"wp-block-themeisle-blocks-form-input-65e97d46-input\" class=\"otter-form-input-label\"><span class=\"otter-form-input-label__label\">Email<\/span><span class=\"required\">*<\/span><\/label><input type=\"email\" id=\"wp-block-themeisle-blocks-form-input-65e97d46-input\" required class=\"otter-form-input\"\/><\/div>\n\n\n\n<div id=\"wp-block-themeisle-blocks-form-input-1ea8cd87\" class=\"wp-block-themeisle-blocks-form-input\"><label for=\"wp-block-themeisle-blocks-form-input-1ea8cd87-input\" class=\"otter-form-input-label\"><span class=\"otter-form-input-label__label\">Num\u00e9ro de t\u00e9l\u00e9phone<\/span><span class=\"required\">*<\/span><\/label><input type=\"text\" id=\"wp-block-themeisle-blocks-form-input-1ea8cd87-input\" required class=\"otter-form-input\"\/><\/div>\n\n\n\n<div id=\"wp-block-themeisle-blocks-form-input-b5ec3c5f\" class=\"wp-block-themeisle-blocks-form-input\"><label for=\"wp-block-themeisle-blocks-form-input-b5ec3c5f-input\" class=\"otter-form-input-label\"><span class=\"otter-form-input-label__label\">Ville<\/span><span class=\"required\">*<\/span><\/label><input type=\"text\" id=\"wp-block-themeisle-blocks-form-input-b5ec3c5f-input\" required class=\"otter-form-input\"\/><\/div>\n\n\n<div class=\"wp-block-themeisle-blocks-form-multiple-choice \" id=\"wp-block-themeisle-blocks-form-input-3c29651e\"><label class=\"otter-form-input-label\" for=\"wp-block-themeisle-blocks-form-input-3c29651e\" >Qui \u00eates-vous?<\/label><select id=\"wp-block-themeisle-blocks-form-input-3c29651e\"  name=\"wp-block-themeisle-blocks-form-input-3c29651e\"><option value=\"un-hebergeur\">Un h\u00e9bergeur<\/option><option value=\"un-utilisateur\">Un utilisateur<\/option><option value=\"un-journaliste\">Un journaliste <\/option><option value=\"autre\">Autre<\/option><\/select><span class=\"o-form-help\"><\/span><\/div>\n\n<div class=\"protection\" aria-hidden=\"true\"><input type=\"hidden\" id=\"wp-block-themeisle-blocks-form-ea01f66a_nonce_field\" name=\"wp-block-themeisle-blocks-form-ea01f66a_nonce_field\" value=\"c3a42f7db4\" \/><input type=\"hidden\" name=\"_wp_http_referer\" value=\"\/index.php\/wp-json\/wp\/v2\/pages\/120\" \/><input class=\"o-anti-bot\" type=\"checkbox\"><\/div>\n\n\n<div id=\"wp-block-themeisle-blocks-form-textarea-59567f04\" class=\"wp-block-themeisle-blocks-form-textarea\"><label for=\"wp-block-themeisle-blocks-form-textarea-59567f04-input\" class=\"otter-form-textarea-label\"><span class=\"otter-form-textarea-label__label\">Message<\/span><\/label><textarea id=\"wp-block-themeisle-blocks-form-textarea-59567f04-input\" rows=\"10\" class=\"otter-form-textarea-input\"><\/textarea><\/div>\n\n\n\n<p class=\"has-text-align-center\" style=\"font-size:clamp(15.747px, 0.984rem + ((1vw - 3.2px) * 1.006), 24px);font-style:normal;font-weight:600\">Vous acceptez de recevoir des communications par courrier \u00e9lectronique de notre part en soumettant ce formulaire et comprenez que vos coordonn\u00e9es seront stock\u00e9es chez nous.<\/p>\n\n\n\n<p class=\"has-text-align-center\" style=\"font-size:clamp(15.747px, 0.984rem + ((1vw - 3.2px) * 1.006), 24px);font-style:normal;font-weight:600\">Nous pensons vos espaces pour qu\u2019ils favorise l&rsquo;\u00e9change d&rsquo;id\u00e9es et la cr\u00e9ation d\u2019une communaut\u00e9. Ensemble, \u00e9levons l&rsquo;exp\u00e9rience th\u00e9rapeutique vers de nouveaux sommets.<\/p>\n<div class=\"wp-block-button\"><button class=\"wp-block-button__link\" type=\"submit\">Submit<\/button><\/div><\/form><\/div>\n<\/div>\n\n\n\n<div class=\"wp-block-column is-layout-flow wp-block-column-is-layout-flow\" style=\"flex-basis:335px\">\n<div style=\"height:100px\" aria-hidden=\"true\" class=\"wp-block-spacer\"><\/div>\n<\/div>\n<\/div>\n<\/div><\/div>\n<\/div>\n\n\n\n<p><gwmw style=\"display:none;\"><\/gwmw><\/p>\n","protected":false},"excerpt":{"rendered":"","protected":false},"author":2,"featured_media":0,"parent":0,"menu_order":0,"comment_status":"closed","ping_status":"closed","template":"cree-mon-compte","meta":{"_themeisle_gutenberg_block_has_review":false,"_ti_tpc_template_sync":false,"_ti_tpc_template_id":"","footnotes":""},"class_list":["post-120","page","type-page","status-publish","hentry"],"_links":{"self":[{"href":"https:\/\/cokab.fr\/index.php\/wp-json\/wp\/v2\/pages\/120","targetHints":{"allow":["GET"]}}],"collection":[{"href":"https:\/\/cokab.fr\/index.php\/wp-json\/wp\/v2\/pages"}],"about":[{"href":"https:\/\/cokab.fr\/index.php\/wp-json\/wp\/v2\/types\/page"}],"author":[{"embeddable":true,"href":"https:\/\/cokab.fr\/index.php\/wp-json\/wp\/v2\/users\/2"}],"replies":[{"embeddable":true,"href":"https:\/\/cokab.fr\/index.php\/wp-json\/wp\/v2\/comments?post=120"}],"version-history":[{"count":30,"href":"https:\/\/cokab.fr\/index.php\/wp-json\/wp\/v2\/pages\/120\/revisions"}],"predecessor-version":[{"id":1089,"href":"https:\/\/cokab.fr\/index.php\/wp-json\/wp\/v2\/pages\/120\/revisions\/1089"}],"wp:attachment":[{"href":"https:\/\/cokab.fr\/index.php\/wp-json\/wp\/v2\/media?parent=120"}],"curies":[{"name":"wp","href":"https:\/\/api.w.org\/{rel}","templated":true}]}}